{"id":2,"date":"2016-05-10T03:48:21","date_gmt":"2016-05-10T03:48:21","guid":{"rendered":"http:\/\/wp452m.a10-52-158-154.qa.plesk.ru\/wordpress\/?page_id=2"},"modified":"2017-02-08T10:35:58","modified_gmt":"2017-02-08T10:35:58","slug":"sample-page","status":"publish","type":"page","link":"http:\/\/fewolagershausen.de\/northeim-lagershausen\/startseite\/sample-page\/","title":{"rendered":"Lage"},"content":{"rendered":"<p>Die Ferienwohnung bzw. Monteurwohnung liegt im kleinen idyllische Dorf Lagershausen nahe Northeim, eingebettet in eine wundersch\u00f6ne Landschaft. In unmittelbarer Umgebung zur Ferienwohnung liegen der Mandelbecker Forst, der Denkersh\u00e4user Teich sowie der Lagersh\u00e4user Wald, die zu ausgiebigen Spazierg\u00e4ngen einladen.<\/p>\n<p><iframe loading=\"lazy\" style=\"border: 0;\" src=\"https:\/\/www.google.com\/maps\/embed?pb=!1m18!1m12!1m3!1d2470.3855231428433!2d10.05371261614608!3d51.74427357967484!2m3!1f0!2f0!3f0!3m2!1i1024!2i768!4f13.1!3m3!1m2!1s0x47a52d99fb659cd5%3A0xf5549f5867868c6!2sAuf+der+Worth+9%2C+37154+Northeim!5e0!3m2!1sde!2sde!4v1486311028203\" width=\"100%\" height=\"300\" frameborder=\"0\" allowfullscreen=\"allowfullscreen\"><\/iframe><\/p>\n","protected":false},"excerpt":{"rendered":"<p>Die Ferienwohnung bzw. Monteurwohnung liegt im kleinen idyllische Dorf Lagershausen nahe Northeim, eingebettet in eine wundersch\u00f6ne Landschaft. In unmittelbarer Umgebung zur Ferienwohnung liegen der Mandelbecker Forst, der Denkersh\u00e4user Teich sowie &#8230;<\/p>\n","protected":false},"author":1,"featured_media":0,"parent":175,"menu_order":0,"comment_status":"closed","ping_status":"closed","template":"template-frontpage.php","meta":{"footnotes":""},"yoast_head":"<!-- This site is optimized with the Yoast SEO plugin v22.0 - https:\/\/yoast.com\/wordpress\/plugins\/seo\/ -->\n<title>Lage - Fewo Northeim-Lagershausen<\/title>\n<meta name=\"robots\" content=\"index, follow, max-snippet:-1, max-image-preview:large, max-video-preview:-1\" \/>\n<link rel=\"canonical\" href=\"http:\/\/fewolagershausen.de\/northeim-lagershausen\/startseite\/sample-page\/\" \/>\n<meta property=\"og:locale\" content=\"de_DE\" \/>\n<meta property=\"og:type\" content=\"article\" \/>\n<meta property=\"og:title\" content=\"Lage - Fewo Northeim-Lagershausen\" \/>\n<meta property=\"og:description\" content=\"Die Ferienwohnung bzw. Monteurwohnung liegt im kleinen idyllische Dorf Lagershausen nahe Northeim, eingebettet in eine wundersch\u00f6ne Landschaft. In unmittelbarer Umgebung zur Ferienwohnung liegen der Mandelbecker Forst, der Denkersh\u00e4user Teich sowie ...\" \/>\n<meta property=\"og:url\" content=\"http:\/\/fewolagershausen.de\/northeim-lagershausen\/startseite\/sample-page\/\" \/>\n<meta property=\"og:site_name\" content=\"Fewo Northeim-Lagershausen\" \/>\n<meta property=\"article:modified_time\" content=\"2017-02-08T10:35:58+00:00\" \/>\n<meta name=\"twitter:card\" content=\"summary_large_image\" \/>\n<script type=\"application\/ld+json\" class=\"yoast-schema-graph\">{\"@context\":\"https:\/\/schema.org\",\"@graph\":[{\"@type\":\"WebPage\",\"@id\":\"http:\/\/fewolagershausen.de\/northeim-lagershausen\/startseite\/sample-page\/\",\"url\":\"http:\/\/fewolagershausen.de\/northeim-lagershausen\/startseite\/sample-page\/\",\"name\":\"Lage - Fewo Northeim-Lagershausen\",\"isPartOf\":{\"@id\":\"http:\/\/fewolagershausen.de\/northeim-lagershausen\/#website\"},\"datePublished\":\"2016-05-10T03:48:21+00:00\",\"dateModified\":\"2017-02-08T10:35:58+00:00\",\"breadcrumb\":{\"@id\":\"http:\/\/fewolagershausen.de\/northeim-lagershausen\/startseite\/sample-page\/#breadcrumb\"},\"inLanguage\":\"de-DE\",\"potentialAction\":[{\"@type\":\"ReadAction\",\"target\":[\"http:\/\/fewolagershausen.de\/northeim-lagershausen\/startseite\/sample-page\/\"]}]},{\"@type\":\"BreadcrumbList\",\"@id\":\"http:\/\/fewolagershausen.de\/northeim-lagershausen\/startseite\/sample-page\/#breadcrumb\",\"itemListElement\":[{\"@type\":\"ListItem\",\"position\":1,\"name\":\"Startseite\",\"item\":\"http:\/\/fewolagershausen.de\/northeim-lagershausen\/\"},{\"@type\":\"ListItem\",\"position\":2,\"name\":\"Startseite\",\"item\":\"http:\/\/fewolagershausen.de\/northeim-lagershausen\/\"},{\"@type\":\"ListItem\",\"position\":3,\"name\":\"Lage\"}]},{\"@type\":\"WebSite\",\"@id\":\"http:\/\/fewolagershausen.de\/northeim-lagershausen\/#website\",\"url\":\"http:\/\/fewolagershausen.de\/northeim-lagershausen\/\",\"name\":\"Fewo Northeim-Lagershausen\",\"description\":\"Besuchen Sie Northeim, Einbeck, G\u00f6ttingen oder den Harz\",\"potentialAction\":[{\"@type\":\"SearchAction\",\"target\":{\"@type\":\"EntryPoint\",\"urlTemplate\":\"http:\/\/fewolagershausen.de\/northeim-lagershausen\/?s={search_term_string}\"},\"query-input\":\"required name=search_term_string\"}],\"inLanguage\":\"de-DE\"}]}<\/script>\n<!-- \/ Yoast SEO plugin. -->","yoast_head_json":{"title":"Lage - Fewo Northeim-Lagershausen","robots":{"index":"index","follow":"follow","max-snippet":"max-snippet:-1","max-image-preview":"max-image-preview:large","max-video-preview":"max-video-preview:-1"},"canonical":"http:\/\/fewolagershausen.de\/northeim-lagershausen\/startseite\/sample-page\/","og_locale":"de_DE","og_type":"article","og_title":"Lage - Fewo Northeim-Lagershausen","og_description":"Die Ferienwohnung bzw. Monteurwohnung liegt im kleinen idyllische Dorf Lagershausen nahe Northeim, eingebettet in eine wundersch\u00f6ne Landschaft. In unmittelbarer Umgebung zur Ferienwohnung liegen der Mandelbecker Forst, der Denkersh\u00e4user Teich sowie ...","og_url":"http:\/\/fewolagershausen.de\/northeim-lagershausen\/startseite\/sample-page\/","og_site_name":"Fewo Northeim-Lagershausen","article_modified_time":"2017-02-08T10:35:58+00:00","twitter_card":"summary_large_image","schema":{"@context":"https:\/\/schema.org","@graph":[{"@type":"WebPage","@id":"http:\/\/fewolagershausen.de\/northeim-lagershausen\/startseite\/sample-page\/","url":"http:\/\/fewolagershausen.de\/northeim-lagershausen\/startseite\/sample-page\/","name":"Lage - Fewo Northeim-Lagershausen","isPartOf":{"@id":"http:\/\/fewolagershausen.de\/northeim-lagershausen\/#website"},"datePublished":"2016-05-10T03:48:21+00:00","dateModified":"2017-02-08T10:35:58+00:00","breadcrumb":{"@id":"http:\/\/fewolagershausen.de\/northeim-lagershausen\/startseite\/sample-page\/#breadcrumb"},"inLanguage":"de-DE","potentialAction":[{"@type":"ReadAction","target":["http:\/\/fewolagershausen.de\/northeim-lagershausen\/startseite\/sample-page\/"]}]},{"@type":"BreadcrumbList","@id":"http:\/\/fewolagershausen.de\/northeim-lagershausen\/startseite\/sample-page\/#breadcrumb","itemListElement":[{"@type":"ListItem","position":1,"name":"Startseite","item":"http:\/\/fewolagershausen.de\/northeim-lagershausen\/"},{"@type":"ListItem","position":2,"name":"Startseite","item":"http:\/\/fewolagershausen.de\/northeim-lagershausen\/"},{"@type":"ListItem","position":3,"name":"Lage"}]},{"@type":"WebSite","@id":"http:\/\/fewolagershausen.de\/northeim-lagershausen\/#website","url":"http:\/\/fewolagershausen.de\/northeim-lagershausen\/","name":"Fewo Northeim-Lagershausen","description":"Besuchen Sie Northeim, Einbeck, G\u00f6ttingen oder den Harz","potentialAction":[{"@type":"SearchAction","target":{"@type":"EntryPoint","urlTemplate":"http:\/\/fewolagershausen.de\/northeim-lagershausen\/?s={search_term_string}"},"query-input":"required name=search_term_string"}],"inLanguage":"de-DE"}]}},"_links":{"self":[{"href":"http:\/\/fewolagershausen.de\/northeim-lagershausen\/wp-json\/wp\/v2\/pages\/2"}],"collection":[{"href":"http:\/\/fewolagershausen.de\/northeim-lagershausen\/wp-json\/wp\/v2\/pages"}],"about":[{"href":"http:\/\/fewolagershausen.de\/northeim-lagershausen\/wp-json\/wp\/v2\/types\/page"}],"author":[{"embeddable":true,"href":"http:\/\/fewolagershausen.de\/northeim-lagershausen\/wp-json\/wp\/v2\/users\/1"}],"replies":[{"embeddable":true,"href":"http:\/\/fewolagershausen.de\/northeim-lagershausen\/wp-json\/wp\/v2\/comments?post=2"}],"version-history":[{"count":20,"href":"http:\/\/fewolagershausen.de\/northeim-lagershausen\/wp-json\/wp\/v2\/pages\/2\/revisions"}],"predecessor-version":[{"id":303,"href":"http:\/\/fewolagershausen.de\/northeim-lagershausen\/wp-json\/wp\/v2\/pages\/2\/revisions\/303"}],"up":[{"embeddable":true,"href":"http:\/\/fewolagershausen.de\/northeim-lagershausen\/wp-json\/wp\/v2\/pages\/175"}],"wp:attachment":[{"href":"http:\/\/fewolagershausen.de\/northeim-lagershausen\/wp-json\/wp\/v2\/media?parent=2"}],"curies":[{"name":"wp","href":"https:\/\/api.w.org\/{rel}","templated":true}]}}